{"id":83,"date":"2016-12-07T21:38:06","date_gmt":"2016-12-07T21:38:06","guid":{"rendered":"http:\/\/menschenjunges.jana-ludwig.de\/?page_id=83"},"modified":"2020-11-04T22:30:27","modified_gmt":"2020-11-04T22:30:27","slug":"termine","status":"publish","type":"page","link":"https:\/\/www.menschenjunges.de\/?page_id=83","title":{"rendered":"Termine"},"content":{"rendered":"<p><strong><img loading=\"lazy\" class=\"size-medium wp-image-100 alignright\" src=\"http:\/\/menschenjunges.jana-ludwig.de\/wp-content\/uploads\/2016\/12\/090906_123302_klein_shadow-1-300x207.jpg\" alt=\"090906_123302_klein_shadow\" width=\"300\" height=\"207\" srcset=\"https:\/\/www.menschenjunges.de\/wp-content\/uploads\/2016\/12\/090906_123302_klein_shadow-1-300x207.jpg 300w, https:\/\/www.menschenjunges.de\/wp-content\/uploads\/2016\/12\/090906_123302_klein_shadow-1-768x531.jpg 768w, https:\/\/www.menschenjunges.de\/wp-content\/uploads\/2016\/12\/090906_123302_klein_shadow-1.jpg 1006w\" sizes=\"(max-width: 300px) 100vw, 300px\" \/>Wann<\/strong><br \/>\naktuell keine Termine.<br \/>\nKurse jeweils 14-16 Uhr<br \/>\nDie Seminare sind in sich geschlossen und bauen nicht aufeinander auf.<\/p>\n<p><strong>Wo<br \/>\n<\/strong>HebammenHaus Dresden<br \/>\n<a href=\"http:\/\/www.openstreetmap.org\/node\/3792907781\" target=\"_blank\" rel=\"noopener noreferrer\">Louisenstra\u00dfe 75<\/a><br \/>\n(Hinterhaus)<br \/>\n01099 Dresden<\/p>\n<p><strong>Anmeldung<br \/>\n<\/strong>E-Mail:\u00a0<a href=\"mailto:jana.felber@menschenjunges.de\">jana.felber@menschenjunges.de<\/a><br \/>\nTelefon: 0172\/7902896<br \/>\nTeilnahmegeb\u00fchr: Preise auf Anfrage<\/p>\n<p>Auch pers\u00f6nliche Einzelberatungstermine sind nach Absprache m\u00f6glich.<\/p>\n<p>Im Rahmen der Babyschimmkurse finden Beikostkurse im <a href=\"https:\/\/www.familienzentrum-heiderand.de\/\" target=\"_blank\" rel=\"noopener noreferrer\">Familienzentrum Heiderand<\/a> und in der <a href=\"https:\/\/www.physiotherapie-nordbad.de\/\" target=\"_blank\" rel=\"noopener noreferrer\">Physiotherapie am Nordbad<\/a> statt.<\/p>\n","protected":false},"excerpt":{"rendered":"<p>Wann aktuell keine Termine. Kurse jeweils 14-16 Uhr Die Seminare sind in sich geschlossen und bauen nicht aufeinander auf. Wo HebammenHaus Dresden Louisenstra\u00dfe 75 (Hinterhaus) 01099 Dresden Anmeldung E-Mail:\u00a0jana.felber@menschenjunges.de Telefon: 0172\/7902896 Teilnahmegeb\u00fchr: Preise auf Anfrage Auch pers\u00f6nliche Einzelberatungstermine sind nach Absprache m\u00f6glich. Im Rahmen der Babyschimmkurse finden Beikostkurse im Familienzentrum Heiderand und in der Physiotherapie [&hellip;]<\/p>\n","protected":false},"author":1,"featured_media":0,"parent":0,"menu_order":0,"comment_status":"closed","ping_status":"closed","template":"","meta":[],"_links":{"self":[{"href":"https:\/\/www.menschenjunges.de\/index.php?rest_route=\/wp\/v2\/pages\/83"}],"collection":[{"href":"https:\/\/www.menschenjunges.de\/index.php?rest_route=\/wp\/v2\/pages"}],"about":[{"href":"https:\/\/www.menschenjunges.de\/index.php?rest_route=\/wp\/v2\/types\/page"}],"author":[{"embeddable":true,"href":"https:\/\/www.menschenjunges.de\/index.php?rest_route=\/wp\/v2\/users\/1"}],"replies":[{"embeddable":true,"href":"https:\/\/www.menschenjunges.de\/index.php?rest_route=%2Fwp%2Fv2%2Fcomments&post=83"}],"version-history":[{"count":29,"href":"https:\/\/www.menschenjunges.de\/index.php?rest_route=\/wp\/v2\/pages\/83\/revisions"}],"predecessor-version":[{"id":189,"href":"https:\/\/www.menschenjunges.de\/index.php?rest_route=\/wp\/v2\/pages\/83\/revisions\/189"}],"wp:attachment":[{"href":"https:\/\/www.menschenjunges.de\/index.php?rest_route=%2Fwp%2Fv2%2Fmedia&parent=83"}],"curies":[{"name":"wp","href":"https:\/\/api.w.org\/{rel}","templated":true}]}}