{"id":2,"date":"2016-05-10T03:48:21","date_gmt":"2016-05-10T03:48:21","guid":{"rendered":"http:\/\/wp452m.a10-52-158-154.qa.plesk.ru\/wordpress\/?page_id=2"},"modified":"2016-12-28T22:20:31","modified_gmt":"2016-12-28T22:20:31","slug":"menschenjunges","status":"publish","type":"page","link":"https:\/\/www.menschenjunges.de\/","title":{"rendered":"Menschenjunges &#8211; Gemeinsam fr\u00f6hlich essen"},"content":{"rendered":"<p style=\"text-align: justify;\"><img loading=\"lazy\" class=\"alignright size-full wp-image-52\" src=\"http:\/\/www.menschenjunges.de\/wp-content\/uploads\/2016\/11\/jana_ppt_shadow_300px.png\" alt=\"\" width=\"300\" height=\"300\" srcset=\"https:\/\/www.menschenjunges.de\/wp-content\/uploads\/2016\/11\/jana_ppt_shadow_300px.png 300w, https:\/\/www.menschenjunges.de\/wp-content\/uploads\/2016\/11\/jana_ppt_shadow_300px-150x150.png 150w\" sizes=\"(max-width: 300px) 100vw, 300px\" \/>In meinen Seminaren bekommen Eltern ein Gef\u00fchl daf\u00fcr, auf die Bed\u00fcrfnisse ihrer Kinder einzugehen. Sei es der Zeitpunkt zur Einf\u00fchrung von Beikost, die Menge der angebotenen Mahlzeiten oder die Organisation eines angenehmen Familientisches.<\/p>\n<p style=\"text-align: justify;\">Ich bin als Ern\u00e4hrungswissenschaftlerin ausgebildet, sammelte mit meinen eigenen drei Kindern ganz unterschiedliche Erfahrungen und begleite Eltern und Familien gern auf Ihrem Weg zu einem fr\u00f6hlichen Miteinander am Tisch.<\/p>\n<p>Kontakt:<\/p>\n<p>Jana Felber,\u00a0Diplom Oecotrophologin<br \/>\nDresden<br \/>\n<a href=\"mailto:jana.felber@menschenjunges.de\">jana.felber@menschenjunges.de<\/a><\/p>\n","protected":false},"excerpt":{"rendered":"<p>In meinen Seminaren bekommen Eltern ein Gef\u00fchl daf\u00fcr, auf die Bed\u00fcrfnisse ihrer Kinder einzugehen. Sei es der Zeitpunkt zur Einf\u00fchrung von Beikost, die Menge der angebotenen Mahlzeiten oder die Organisation eines angenehmen Familientisches. Ich bin als Ern\u00e4hrungswissenschaftlerin ausgebildet, sammelte mit meinen eigenen drei Kindern ganz unterschiedliche Erfahrungen und begleite Eltern und Familien gern auf Ihrem [&hellip;]<\/p>\n","protected":false},"author":1,"featured_media":0,"parent":0,"menu_order":0,"comment_status":"closed","ping_status":"closed","template":"","meta":[],"_links":{"self":[{"href":"https:\/\/www.menschenjunges.de\/index.php?rest_route=\/wp\/v2\/pages\/2"}],"collection":[{"href":"https:\/\/www.menschenjunges.de\/index.php?rest_route=\/wp\/v2\/pages"}],"about":[{"href":"https:\/\/www.menschenjunges.de\/index.php?rest_route=\/wp\/v2\/types\/page"}],"author":[{"embeddable":true,"href":"https:\/\/www.menschenjunges.de\/index.php?rest_route=\/wp\/v2\/users\/1"}],"replies":[{"embeddable":true,"href":"https:\/\/www.menschenjunges.de\/index.php?rest_route=%2Fwp%2Fv2%2Fcomments&post=2"}],"version-history":[{"count":21,"href":"https:\/\/www.menschenjunges.de\/index.php?rest_route=\/wp\/v2\/pages\/2\/revisions"}],"predecessor-version":[{"id":128,"href":"https:\/\/www.menschenjunges.de\/index.php?rest_route=\/wp\/v2\/pages\/2\/revisions\/128"}],"wp:attachment":[{"href":"https:\/\/www.menschenjunges.de\/index.php?rest_route=%2Fwp%2Fv2%2Fmedia&parent=2"}],"curies":[{"name":"wp","href":"https:\/\/api.w.org\/{rel}","templated":true}]}}